{"id":438,"date":"2024-12-10T18:37:53","date_gmt":"2024-12-10T18:37:53","guid":{"rendered":"https:\/\/prizewinnerinvest.com\/?page_id=438"},"modified":"2025-01-12T21:00:41","modified_gmt":"2025-01-12T21:00:41","slug":"aviso-legal","status":"publish","type":"page","link":"https:\/\/prizewinnerinvest.com\/en\/aviso-legal\/","title":{"rendered":"Aviso Legal"},"content":{"rendered":"<div style=\"height:85px\" aria-hidden=\"true\" class=\"wp-block-spacer\"><\/div>\n\n\n\n<p><strong>\u00bfQui\u00e9nes somos?<\/strong><br>La direcci\u00f3n de nuestro sitio web es: <a href=\"http:\/\/prizewinnerinvest.com\/en\/\">http:\/\/prizewinnerinvest.com<\/a>.<\/p>\n\n\n\n<p><strong>Comentarios<\/strong><br>Cuando los visitantes dejan comentarios en el sitio, recopilamos los datos que se muestran en el formulario de comentarios, as\u00ed como la direcci\u00f3n IP del visitante y la cadena de agente de usuario del navegador para ayudar a la detecci\u00f3n de spam.<br>Es posible que se proporcione una cadena anonimizada creada a partir de su direcci\u00f3n de correo electr\u00f3nico (tambi\u00e9n llamada hash) al servicio de Gravatar para ver si lo est\u00e1 utilizando. La pol\u00edtica de privacidad de Gravatar est\u00e1 disponible aqu\u00ed: <a href=\"https:\/\/automattic.com\/privacy\/\">https:\/\/automattic.com\/privacy\/<\/a>. Despu\u00e9s de aprobar su comentario, su foto de perfil ser\u00e1 visible p\u00fablicamente en el contexto de su comentario.<\/p>\n\n\n\n<p><strong>Medios<\/strong><br>Si sube im\u00e1genes al sitio web, debe evitar subir im\u00e1genes con datos de ubicaci\u00f3n incrustados (EXIF GPS). Los visitantes del sitio pueden descargar y extraer cualquier dato de ubicaci\u00f3n de las im\u00e1genes en el sitio web.<\/p>\n\n\n\n<p><strong>Cookies<\/strong><br>Si deja un comentario en nuestro sitio, puede optar por guardar su nombre, direcci\u00f3n de correo electr\u00f3nico y sitio web en cookies. Esto es para su conveniencia, para que no tenga que rellenar sus datos nuevamente cuando deje otro comentario. Estas cookies durar\u00e1n un a\u00f1o.<\/p>\n\n\n\n<p>Si visita nuestra p\u00e1gina de inicio de sesi\u00f3n, configuraremos una cookie temporal para determinar si su navegador acepta cookies. Esta cookie no contiene datos personales y se descarta cuando cierra su navegador.<\/p>\n\n\n\n<p>Cuando inicie sesi\u00f3n, tambi\u00e9n configuraremos varias cookies para guardar su informaci\u00f3n de inicio de sesi\u00f3n y las opciones de visualizaci\u00f3n de su pantalla. Las cookies de inicio de sesi\u00f3n duran dos d\u00edas, y las cookies de opciones de pantalla duran un a\u00f1o. Si selecciona \u00abRecu\u00e9rdame\u00bb, su inicio de sesi\u00f3n persistir\u00e1 durante dos semanas. Si cierra sesi\u00f3n en su cuenta, las cookies de inicio de sesi\u00f3n se eliminar\u00e1n.<\/p>\n\n\n\n<p>Si edita o publica un art\u00edculo, se guardar\u00e1 una cookie adicional en su navegador. Esta cookie no incluye datos personales y simplemente indica el ID de la publicaci\u00f3n del art\u00edculo que acaba de editar. Expira despu\u00e9s de 1 d\u00eda.<\/p>\n\n\n\n<p><strong>Contenido embebido de otros sitios web<\/strong><br>Los art\u00edculos de este sitio pueden incluir contenido embebido (por ejemplo, videos, im\u00e1genes, art\u00edculos, etc.). El contenido embebido de otros sitios web se comporta de la misma manera que si el visitante hubiera visitado el otro sitio web.<\/p>\n\n\n\n<p>Esos sitios web pueden recopilar datos sobre usted, usar cookies, incrustar seguimiento adicional de terceros y monitorear su interacci\u00f3n con ese contenido embebido, incluidos el seguimiento de su interacci\u00f3n con el contenido embebido si tiene una cuenta y ha iniciado sesi\u00f3n en ese sitio web.<\/p>\n\n\n\n<p><strong>\u00bfCon qui\u00e9n compartimos sus datos?<\/strong><br>Si solicita un restablecimiento de contrase\u00f1a, su direcci\u00f3n IP estar\u00e1 incluida en el correo electr\u00f3nico de restablecimiento.<\/p>\n\n\n\n<p><strong>\u00bfCu\u00e1nto tiempo retenemos sus datos?<\/strong><br>Si deja un comentario, el comentario y sus metadatos se retienen indefinidamente. Esto se hace para poder reconocer y aprobar cualquier comentario de seguimiento autom\u00e1ticamente en lugar de mantenerlo en una cola de moderaci\u00f3n.<\/p>\n\n\n\n<p>Para los usuarios que se registran en nuestro sitio web (si los hay), tambi\u00e9n almacenamos la informaci\u00f3n personal que proporcionan en su perfil de usuario. Todos los usuarios pueden ver, editar o eliminar su informaci\u00f3n personal en cualquier momento (excepto que no pueden cambiar su nombre de usuario). Los administradores del sitio web tambi\u00e9n pueden ver y editar esa informaci\u00f3n.<\/p>\n\n\n\n<p><strong>\u00bfQu\u00e9 derechos tiene sobre sus datos?<\/strong><br>Si tiene una cuenta en este sitio, o ha dejado comentarios, puede solicitar recibir un archivo exportado de los datos personales que tenemos sobre usted, incluidos los datos que nos haya proporcionado. Tambi\u00e9n puede solicitar que eliminemos cualquier dato personal que tengamos sobre usted. Esto no incluye los datos que estamos obligados a conservar por fines administrativos, legales o de seguridad.<\/p>\n\n\n\n<p><strong>\u00bfD\u00f3nde se env\u00edan sus datos?<\/strong><br>Los comentarios de los visitantes pueden ser revisados a trav\u00e9s de un servicio automatizado de detecci\u00f3n de spam.<\/p>\n\n\n\n<div style=\"height:65px\" aria-hidden=\"true\" class=\"wp-block-spacer\"><\/div>\n\n\n\n<div class=\"wp-block-group alignfull has-background-color has-white-color has-black-background-color has-text-color has-background has-link-color wp-elements-f1b1372787289d3060c7b614aed49224 is-vertical is-content-justification-stretch is-layout-flex wp-container-core-group-is-layout-3 wp-block-group-is-layout-flex\" style=\"min-height:40vh;margin-top:0;margin-bottom:0;padding-top:var(--wp--preset--spacing--60);padding-right:var(--wp--preset--spacing--40);padding-bottom:var(--wp--preset--spacing--60);padding-left:var(--wp--preset--spacing--40)\">\n<div class=\"wp-block-columns alignwide has-small-font-size is-layout-flex wp-container-core-columns-is-layout-1 wp-block-columns-is-layout-flex\">\n<div class=\"wp-block-column is-layout-flow wp-block-column-is-layout-flow\">\n<h4 class=\"wp-block-heading has-text-align-center\"><mark style=\"background-color:rgba(0, 0, 0, 0)\" class=\"has-inline-color has-base-color\"><strong>Ubicaci\u00f3n<\/strong><\/mark><\/h4>\n\n\n\n<p class=\"has-text-align-center\">Carrer Eduardo Conde, 50, 08034, Barcelona-Espa\u00f1a<\/p>\n\n\n\n<h4 class=\"wp-block-heading has-text-align-center\"><mark style=\"background-color:rgba(0, 0, 0, 0)\" class=\"has-inline-color has-base-color\"><strong>Tel\u00e9fono<\/strong><\/mark><\/h4>\n\n\n\n<p class=\"has-text-align-center\">+34 620 37 15 42<\/p>\n\n\n\n<h4 class=\"wp-block-heading has-text-align-center\"><mark style=\"background-color:rgba(0, 0, 0, 0)\" class=\"has-inline-color has-base-color\"><strong>Correo<\/strong><\/mark><\/h4>\n\n\n\n<p class=\"has-text-align-center\">info@prizewinnerinvest.com<\/p>\n<\/div>\n\n\n\n<div class=\"wp-block-column is-layout-flow wp-block-column-is-layout-flow\">\n<p class=\"has-text-align-center\">P\u00e1ginas<\/p>\n\n\n<nav class=\"has-small-font-size items-justified-center is-vertical no-wrap wp-block-navigation is-content-justification-center is-nowrap is-layout-flex wp-container-core-navigation-is-layout-1 wp-block-navigation-is-layout-flex\" aria-label=\"Navegaci\u00f3n 8\"><ul class=\"wp-block-navigation__container has-small-font-size items-justified-center is-vertical no-wrap wp-block-navigation has-small-font-size\"><li class=\"has-small-font-size wp-block-navigation-item wp-block-navigation-link\"><a class=\"wp-block-navigation-item__content\"  href=\"https:\/\/prizewinnerinvest.com\/en\/\"><span class=\"wp-block-navigation-item__label\">Inicio<\/span><\/a><\/li><li class=\"has-small-font-size wp-block-navigation-item wp-block-navigation-link\"><a class=\"wp-block-navigation-item__content\"  href=\"https:\/\/prizewinnerinvest.com\/en\/211-2\/\"><span class=\"wp-block-navigation-item__label\">Sobre Nosotros<\/span><\/a><\/li><li class=\"has-small-font-size wp-block-navigation-item wp-block-navigation-link\"><a class=\"wp-block-navigation-item__content\"  href=\"https:\/\/prizewinnerinvest.com\/en\/211-2\/203-2\/\"><span class=\"wp-block-navigation-item__label\">Inversiones<\/span><\/a><\/li><li class=\"has-small-font-size wp-block-navigation-item wp-block-navigation-link\"><a class=\"wp-block-navigation-item__content\"  href=\"https:\/\/prizewinnerinvest.com\/en\/215-2\/\"><span class=\"wp-block-navigation-item__label\">Contacto<\/span><\/a><\/li><\/ul><\/nav>\n\n\n<div style=\"height:24px\" aria-hidden=\"true\" class=\"wp-block-spacer\"><\/div>\n<\/div>\n\n\n\n<div class=\"wp-block-column is-layout-flow wp-block-column-is-layout-flow\">\n<p class=\"has-text-align-center\">S\u00edguenos<\/p>\n\n\n\n<div class=\"wp-block-group is-vertical is-content-justification-center is-layout-flex wp-container-core-group-is-layout-1 wp-block-group-is-layout-flex\">\n<p><a href=\"#\">Facebook<\/a><\/p>\n\n\n\n<p><a href=\"#\">Instagram<\/a><\/p>\n\n\n\n<p><a href=\"#\">Twitter<\/a><\/p>\n<\/div>\n\n\n\n<div style=\"height:24px\" aria-hidden=\"true\" class=\"wp-block-spacer\"><\/div>\n<\/div>\n<\/div>\n\n\n\n<div class=\"wp-block-group is-style-section-5 is-nowrap is-layout-flex wp-container-core-group-is-layout-2 wp-block-group-is-layout-flex is-style-section-5--1\">\n<h5 class=\"wp-block-heading\"><a href=\"https:\/\/prizewinnerinvest.com\/en\/aviso-legal\/\" data-type=\"page\" data-id=\"438\">Aviso Legal<\/a><\/h5>\n\n\n\n<h5 class=\"wp-block-heading\"><a href=\"https:\/\/prizewinnerinvest.com\/en\/443-2\/\" data-type=\"page\" data-id=\"443\">Terminos y condiciones<\/a><\/h5>\n\n\n\n<h5 class=\"wp-block-heading\"><a href=\"https:\/\/prizewinnerinvest.com\/en\/privacy-policy\/\" data-type=\"page\" data-id=\"3\">Politica de privacidad<\/a><\/h5>\n\n\n\n<div class=\"wp-block-columns is-layout-flex wp-container-core-columns-is-layout-2 wp-block-columns-is-layout-flex\">\n<div class=\"wp-block-column is-layout-flow wp-block-column-is-layout-flow\">\n<h5 class=\"wp-block-heading has-text-align-right\">&nbsp;<strong>\u00a9<\/strong> 2024 Design by AGC Agency<\/h5>\n<\/div>\n<\/div>\n<\/div>\n<\/div>","protected":false},"excerpt":{"rendered":"<p>\u00bfQui\u00e9nes somos?La direcci\u00f3n de nuestro sitio web es: http:\/\/prizewinnerinvest.com. ComentariosCuando los visitantes dejan comentarios en el sitio, recopilamos los datos que se muestran en el formulario de comentarios, as\u00ed como la direcci\u00f3n IP del visitante y la cadena de agente de usuario del navegador para ayudar a la detecci\u00f3n de spam.Es posible que se proporcione [&hellip;]<\/p>","protected":false},"author":1,"featured_media":0,"parent":0,"menu_order":0,"comment_status":"closed","ping_status":"closed","template":"page-no-title","meta":{"_uag_custom_page_level_css":"","footnotes":""},"class_list":["post-438","page","type-page","status-publish","hentry"],"aioseo_notices":[],"uagb_featured_image_src":{"full":false,"thumbnail":false,"medium":false,"medium_large":false,"large":false,"1536x1536":false,"2048x2048":false,"trp-custom-language-flag":false},"uagb_author_info":{"display_name":"oltra.david@gmail.com","author_link":"https:\/\/prizewinnerinvest.com\/en\/author\/oltra-davidgmail-com\/"},"uagb_comment_info":0,"uagb_excerpt":"\u00bfQui\u00e9nes somos?La direcci\u00f3n de nuestro sitio web es: http:\/\/prizewinnerinvest.com. ComentariosCuando los visitantes dejan comentarios en el sitio, recopilamos los datos que se muestran en el formulario de comentarios, as\u00ed como la direcci\u00f3n IP del visitante y la cadena de agente de usuario del navegador para ayudar a la detecci\u00f3n de spam.Es posible que se proporcione&hellip;","_links":{"self":[{"href":"https:\/\/prizewinnerinvest.com\/en\/wp-json\/wp\/v2\/pages\/438","targetHints":{"allow":["GET"]}}],"collection":[{"href":"https:\/\/prizewinnerinvest.com\/en\/wp-json\/wp\/v2\/pages"}],"about":[{"href":"https:\/\/prizewinnerinvest.com\/en\/wp-json\/wp\/v2\/types\/page"}],"author":[{"embeddable":true,"href":"https:\/\/prizewinnerinvest.com\/en\/wp-json\/wp\/v2\/users\/1"}],"replies":[{"embeddable":true,"href":"https:\/\/prizewinnerinvest.com\/en\/wp-json\/wp\/v2\/comments?post=438"}],"version-history":[{"count":5,"href":"https:\/\/prizewinnerinvest.com\/en\/wp-json\/wp\/v2\/pages\/438\/revisions"}],"predecessor-version":[{"id":601,"href":"https:\/\/prizewinnerinvest.com\/en\/wp-json\/wp\/v2\/pages\/438\/revisions\/601"}],"wp:attachment":[{"href":"https:\/\/prizewinnerinvest.com\/en\/wp-json\/wp\/v2\/media?parent=438"}],"curies":[{"name":"wp","href":"https:\/\/api.w.org\/{rel}","templated":true}]}}