{"id":215,"date":"2024-12-02T20:09:56","date_gmt":"2024-12-02T20:09:56","guid":{"rendered":"https:\/\/prizewinnerinvest.com\/?page_id=215"},"modified":"2025-01-13T19:35:08","modified_gmt":"2025-01-13T19:35:08","slug":"215-2","status":"publish","type":"page","link":"https:\/\/prizewinnerinvest.com\/en\/215-2\/","title":{"rendered":"Contacto"},"content":{"rendered":"<p><\/p>\n\n\n\n<h1 class=\"wp-block-heading has-text-align-center\">Contacto<\/h1>\n\n\n\n<div class=\"wp-block-group alignfull is-layout-flow wp-container-core-group-is-layout-4 wp-block-group-is-layout-flow\" style=\"margin-top:0;margin-bottom:0\">\n<div class=\"wp-block-columns is-layout-flex wp-container-core-columns-is-layout-2 wp-block-columns-is-layout-flex\">\n<div class=\"wp-block-column is-layout-flow wp-block-column-is-layout-flow\">\n<div class=\"wp-block-columns is-layout-flex wp-container-core-columns-is-layout-1 wp-block-columns-is-layout-flex\">\n<div class=\"wp-block-column is-layout-flow wp-block-column-is-layout-flow\"><\/div>\n\n\n\n<div class=\"wp-block-column is-layout-flow wp-block-column-is-layout-flow\"><div class=\"wpforms-container wpforms-container-full wpforms-block wpforms-block-53e127a0-35f3-43e6-b861-0890f77d4889 wpforms-render-modern\" id=\"wpforms-25\"><form id=\"wpforms-form-25\" class=\"wpforms-validate wpforms-form wpforms-ajax-form\" data-formid=\"25\" method=\"post\" enctype=\"multipart\/form-data\" action=\"\/en\/wp-json\/wp\/v2\/pages\/215\" data-token=\"ac187b5ea9d7716bf3d4d5fce2cdb563\" data-token-time=\"1776604839\" data-trp-original-action=\"\/en\/wp-json\/wp\/v2\/pages\/215\"><noscript class=\"wpforms-error-noscript\">Please enable JavaScript in your browser to complete this form.<\/noscript><div class=\"wpforms-hidden\" id=\"wpforms-error-noscript\">Please enable JavaScript in your browser to complete this form.<\/div><div class=\"wpforms-field-container\"><div id=\"wpforms-25-field_1-container\" class=\"wpforms-field wpforms-field-name\" data-field-id=\"1\"><label class=\"wpforms-field-label\" for=\"wpforms-25-field_1\">Nombre <span class=\"wpforms-required-label\" aria-hidden=\"true\">*<\/span><\/label><input type=\"text\" id=\"wpforms-25-field_1\" class=\"wpforms-field-medium wpforms-field-required\" name=\"wpforms[fields][1]\" aria-errormessage=\"wpforms-25-field_1-error\" required><\/div><div id=\"wpforms-25-field_2-container\" class=\"wpforms-field wpforms-field-email\" data-field-id=\"2\"><label class=\"wpforms-field-label\" for=\"wpforms-25-field_2\">Correo electr\u00f3nico <span class=\"wpforms-required-label\" aria-hidden=\"true\">*<\/span><\/label><input type=\"email\" id=\"wpforms-25-field_2\" class=\"wpforms-field-medium wpforms-field-required\" name=\"wpforms[fields][2]\" spellcheck=\"false\" aria-errormessage=\"wpforms-25-field_2-error\" required><\/div><div id=\"wpforms-25-field_7-container\" class=\"wpforms-field wpforms-field-text\" data-field-id=\"7\"><label class=\"wpforms-field-label\" for=\"wpforms-25-field_7\">N\u00famero de telefono <span class=\"wpforms-required-label\" aria-hidden=\"true\">*<\/span><\/label><input type=\"text\" id=\"wpforms-25-field_7\" class=\"wpforms-field-medium wpforms-field-required\" name=\"wpforms[fields][7]\" aria-errormessage=\"wpforms-25-field_7-error\" required><\/div><div id=\"wpforms-25-field_5-container\" class=\"wpforms-field wpforms-field-textarea\" data-field-id=\"5\"><label class=\"wpforms-field-label\" for=\"wpforms-25-field_5\">Mensaje<\/label><textarea id=\"wpforms-25-field_5\" class=\"wpforms-field-medium\" name=\"wpforms[fields][5]\" aria-errormessage=\"wpforms-25-field_5-error\" ><\/textarea><\/div><\/div><!-- .wpforms-field-container --><div class=\"wpforms-submit-container\" ><input type=\"hidden\" name=\"wpforms[id]\" value=\"25\"><input type=\"hidden\" name=\"page_title\" value=\"\"><input type=\"hidden\" name=\"page_url\" value=\"https:\/\/prizewinnerinvest.com\/en\/wp-json\/wp\/v2\/pages\/215\"><input type=\"hidden\" name=\"url_referer\" value=\"\"><button type=\"submit\" name=\"wpforms[submit]\" id=\"wpforms-submit-25\" class=\"wpforms-submit\" data-alt-text=\"enviando\" data-submit-text=\"Enviar ahora\" aria-live=\"assertive\" value=\"wpforms-submit\">Enviar ahora<\/button><img decoding=\"async\" src=\"https:\/\/prizewinnerinvest.com\/wp-content\/plugins\/wpforms-lite\/assets\/images\/submit-spin.svg\" class=\"wpforms-submit-spinner\" style=\"display: none;\" width=\"26\" height=\"26\" alt=\"Loading\"><\/div><input type=\"hidden\" name=\"trp-form-language\" value=\"en\"\/><\/form><\/div>  <!-- .wpforms-container --><\/div>\n\n\n\n<div class=\"wp-block-column is-layout-flow wp-block-column-is-layout-flow\"><\/div>\n<\/div>\n<\/div>\n<\/div>\n\n\n\n<div class=\"wp-block-group alignfull has-background-color has-white-color has-black-background-color has-text-color has-background has-link-color wp-elements-21d25236f87b4e8517f4c831bed38341 is-vertical is-content-justification-stretch is-layout-flex wp-container-core-group-is-layout-3 wp-block-group-is-layout-flex\" style=\"min-height:40vh;margin-top:0;margin-bottom:0;padding-top:var(--wp--preset--spacing--60);padding-right:var(--wp--preset--spacing--40);padding-bottom:var(--wp--preset--spacing--60);padding-left:var(--wp--preset--spacing--40)\">\n<div class=\"wp-block-columns alignwide has-small-font-size is-layout-flex wp-container-core-columns-is-layout-3 wp-block-columns-is-layout-flex\">\n<div class=\"wp-block-column is-layout-flow wp-block-column-is-layout-flow\">\n<h4 class=\"wp-block-heading has-text-align-center\"><strong><mark style=\"background-color:rgba(0, 0, 0, 0)\" class=\"has-inline-color has-base-color\">Ubicaci\u00f3n<\/mark><\/strong><\/h4>\n\n\n\n<p class=\"has-text-align-center\">Carrer Eduardo Conde, 50, 08034, Barcelona-Espa\u00f1a<\/p>\n\n\n\n<h4 class=\"wp-block-heading has-text-align-center\"><strong><mark style=\"background-color:rgba(0, 0, 0, 0)\" class=\"has-inline-color has-base-color\">Tel\u00e9fono<\/mark><\/strong><\/h4>\n\n\n\n<p class=\"has-text-align-center\">+34 620 37 15 42<\/p>\n\n\n\n<h4 class=\"wp-block-heading has-text-align-center\"><mark style=\"background-color:rgba(0, 0, 0, 0)\" class=\"has-inline-color has-base-color\"><strong>Correo<\/strong><\/mark><\/h4>\n\n\n\n<p class=\"has-text-align-center\">info@prizewinnerinvest.com<\/p>\n<\/div>\n\n\n\n<div class=\"wp-block-column is-layout-flow wp-block-column-is-layout-flow\">\n<p class=\"has-text-align-center\">P\u00e1ginas<\/p>\n\n\n<nav class=\"has-small-font-size items-justified-center is-vertical no-wrap wp-block-navigation is-content-justification-center is-nowrap is-layout-flex wp-container-core-navigation-is-layout-1 wp-block-navigation-is-layout-flex\" aria-label=\"Navegaci\u00f3n 8\"><ul class=\"wp-block-navigation__container has-small-font-size items-justified-center is-vertical no-wrap wp-block-navigation has-small-font-size\"><li class=\"has-small-font-size wp-block-navigation-item wp-block-navigation-link\"><a class=\"wp-block-navigation-item__content\"  href=\"https:\/\/prizewinnerinvest.com\/en\/\"><span class=\"wp-block-navigation-item__label\">Inicio<\/span><\/a><\/li><li class=\"has-small-font-size wp-block-navigation-item wp-block-navigation-link\"><a class=\"wp-block-navigation-item__content\"  href=\"https:\/\/prizewinnerinvest.com\/en\/211-2\/\"><span class=\"wp-block-navigation-item__label\">Sobre Nosotros<\/span><\/a><\/li><li class=\"has-small-font-size wp-block-navigation-item wp-block-navigation-link\"><a class=\"wp-block-navigation-item__content\"  href=\"https:\/\/prizewinnerinvest.com\/en\/211-2\/203-2\/\"><span class=\"wp-block-navigation-item__label\">Inversiones<\/span><\/a><\/li><li class=\"has-small-font-size wp-block-navigation-item wp-block-navigation-link\"><a class=\"wp-block-navigation-item__content\"  href=\"https:\/\/prizewinnerinvest.com\/en\/215-2\/\"><span class=\"wp-block-navigation-item__label\">Contacto<\/span><\/a><\/li><\/ul><\/nav>\n\n\n<div style=\"height:24px\" aria-hidden=\"true\" class=\"wp-block-spacer\"><\/div>\n<\/div>\n\n\n\n<div class=\"wp-block-column is-layout-flow wp-block-column-is-layout-flow\">\n<p class=\"has-text-align-center\">S\u00edguenos<\/p>\n\n\n\n<div class=\"wp-block-group is-vertical is-content-justification-center is-layout-flex wp-container-core-group-is-layout-1 wp-block-group-is-layout-flex\">\n<p><a href=\"#\">Facebook<\/a><\/p>\n\n\n\n<p><a href=\"#\">Instagram<\/a><\/p>\n\n\n\n<p><a href=\"#\">Twitter<\/a><\/p>\n<\/div>\n\n\n\n<div style=\"height:24px\" aria-hidden=\"true\" class=\"wp-block-spacer\"><\/div>\n<\/div>\n<\/div>\n\n\n\n<div class=\"wp-block-group is-style-section-5 is-nowrap is-layout-flex wp-container-core-group-is-layout-2 wp-block-group-is-layout-flex is-style-section-5--1\">\n<h5 class=\"wp-block-heading\"><a href=\"https:\/\/prizewinnerinvest.com\/en\/aviso-legal\/\" data-type=\"page\" data-id=\"438\">Aviso Legal<\/a><\/h5>\n\n\n\n<h5 class=\"wp-block-heading\"><a href=\"https:\/\/prizewinnerinvest.com\/en\/443-2\/\" data-type=\"page\" data-id=\"443\">Terminos y condiciones<\/a><\/h5>\n\n\n\n<h5 class=\"wp-block-heading\"><a href=\"https:\/\/prizewinnerinvest.com\/en\/privacy-policy\/\" data-type=\"page\" data-id=\"3\">Politica de privacidad<\/a><\/h5>\n\n\n\n<div class=\"wp-block-columns is-layout-flex wp-container-core-columns-is-layout-4 wp-block-columns-is-layout-flex\">\n<div class=\"wp-block-column is-layout-flow wp-block-column-is-layout-flow\">\n<h5 class=\"wp-block-heading has-text-align-right\">&nbsp;<strong>\u00a9<\/strong> 2024 Design by AGC Agency<\/h5>\n<\/div>\n<\/div>\n<\/div>\n<\/div>\n<\/div>","protected":false},"excerpt":{"rendered":"<p>Contacto Ubicaci\u00f3n Carrer Eduardo Conde, 50, 08034, Barcelona-Espa\u00f1a Tel\u00e9fono +34 620 37 15 42 Correo info@prizewinnerinvest.com P\u00e1ginas S\u00edguenos Facebook Instagram Twitter Aviso Legal Terminos y condiciones Politica de privacidad &nbsp;\u00a9 2024 Design by AGC Agency<\/p>","protected":false},"author":1,"featured_media":0,"parent":0,"menu_order":0,"comment_status":"closed","ping_status":"closed","template":"page-no-title","meta":{"_uag_custom_page_level_css":"","footnotes":""},"class_list":["post-215","page","type-page","status-publish","hentry"],"aioseo_notices":[],"uagb_featured_image_src":{"full":false,"thumbnail":false,"medium":false,"medium_large":false,"large":false,"1536x1536":false,"2048x2048":false,"trp-custom-language-flag":false},"uagb_author_info":{"display_name":"oltra.david@gmail.com","author_link":"https:\/\/prizewinnerinvest.com\/en\/author\/oltra-davidgmail-com\/"},"uagb_comment_info":0,"uagb_excerpt":"Contacto Ubicaci\u00f3n Carrer Eduardo Conde, 50, 08034, Barcelona-Espa\u00f1a Tel\u00e9fono +34 620 37 15 42 Correo info@prizewinnerinvest.com P\u00e1ginas S\u00edguenos Facebook Instagram Twitter Aviso Legal Terminos y condiciones Politica de privacidad &nbsp;\u00a9 2024 Design by AGC Agency","_links":{"self":[{"href":"https:\/\/prizewinnerinvest.com\/en\/wp-json\/wp\/v2\/pages\/215","targetHints":{"allow":["GET"]}}],"collection":[{"href":"https:\/\/prizewinnerinvest.com\/en\/wp-json\/wp\/v2\/pages"}],"about":[{"href":"https:\/\/prizewinnerinvest.com\/en\/wp-json\/wp\/v2\/types\/page"}],"author":[{"embeddable":true,"href":"https:\/\/prizewinnerinvest.com\/en\/wp-json\/wp\/v2\/users\/1"}],"replies":[{"embeddable":true,"href":"https:\/\/prizewinnerinvest.com\/en\/wp-json\/wp\/v2\/comments?post=215"}],"version-history":[{"count":17,"href":"https:\/\/prizewinnerinvest.com\/en\/wp-json\/wp\/v2\/pages\/215\/revisions"}],"predecessor-version":[{"id":614,"href":"https:\/\/prizewinnerinvest.com\/en\/wp-json\/wp\/v2\/pages\/215\/revisions\/614"}],"wp:attachment":[{"href":"https:\/\/prizewinnerinvest.com\/en\/wp-json\/wp\/v2\/media?parent=215"}],"curies":[{"name":"wp","href":"https:\/\/api.w.org\/{rel}","templated":true}]}}