{"id":211,"date":"2024-12-02T20:05:35","date_gmt":"2024-12-02T20:05:35","guid":{"rendered":"https:\/\/prizewinnerinvest.com\/?page_id=211"},"modified":"2025-01-12T21:01:35","modified_gmt":"2025-01-12T21:01:35","slug":"211-2","status":"publish","type":"page","link":"https:\/\/prizewinnerinvest.com\/en\/211-2\/","title":{"rendered":"Sobre Nosotros"},"content":{"rendered":"<div class=\"wp-block-cover alignfull has-parallax\" style=\"min-height:478px;aspect-ratio:unset;\"><span aria-hidden=\"true\" class=\"wp-block-cover__background has-background-dim-40 has-background-dim\" style=\"background-color:#000000\"><\/span><div class=\"wp-block-cover__image-background wp-image-284 has-parallax\" style=\"background-position:50% 50%;background-image:url(https:\/\/prizewinnerinvest.com\/wp-content\/uploads\/2024\/12\/rascacielos-ciudad-barcelona_148840-2105.avif)\"><\/div><div class=\"wp-block-cover__inner-container is-layout-flow wp-block-cover-is-layout-flow\">\n<h2 class=\"wp-block-heading has-text-align-center alignwide has-white-color has-text-color\" style=\"font-size:clamp(27.894px, 1.743rem + ((1vw - 3.2px) * 1.971), 48px);line-height:1.2\">\u00bfPor qu\u00e9&nbsp;Prizewinner Invest?<\/h2>\n\n\n\n<div class=\"wp-block-columns alignwide is-layout-flex wp-container-core-columns-is-layout-1 wp-block-columns-is-layout-flex\">\n<div class=\"wp-block-column is-layout-flow wp-block-column-is-layout-flow\">\n<p class=\"has-text-align-center\">Combinamos un conocimiento profundo del \u00e1mbito inmobiliario con tecnolog\u00eda de vanguardia y una red de contactos estrat\u00e9gica. En Prizewinner Invest, brindamos a nuestros clientes una experiencia de inversi\u00f3n sin complicaciones, segura y respaldada por las m\u00e1ximas garant\u00edas del mercado.<\/p>\n<\/div>\n<\/div>\n<\/div><\/div>\n\n\n\n<div class=\"wp-block-group alignfull has-global-padding is-layout-constrained wp-block-group-is-layout-constrained\" style=\"margin-top:0;margin-bottom:0;padding-top:var(--wp--preset--spacing--50);padding-bottom:var(--wp--preset--spacing--50)\">\n<div class=\"wp-block-columns alignwide is-layout-flex wp-container-core-columns-is-layout-2 wp-block-columns-is-layout-flex\">\n<div class=\"wp-block-column is-vertically-aligned-center is-layout-flow wp-container-core-column-is-layout-2 wp-block-column-is-layout-flow\">\n<h2 class=\"wp-block-heading\">Misi\u00f3n<\/h2>\n\n\n\n<p>La misi\u00f3n de Prizewinner Invest es generar valor a trav\u00e9s de <strong>inversiones inmobiliarias inteligentes<\/strong> en Espa\u00f1a, enfoc\u00e1ndonos en la compra, mejora y gesti\u00f3n de propiedades. Nuestro compromiso es ofrecer a nuestros inversores oportunidades rentables con un enfoque cercano, transparente y profesional.<\/p>\n<\/div>\n\n\n\n<div class=\"wp-block-column is-layout-flow wp-block-column-is-layout-flow\" style=\"flex-basis:56%\">\n<figure class=\"wp-block-image aligncenter size-full is-resized\"><img fetchpriority=\"high\" decoding=\"async\" width=\"2560\" height=\"1707\" src=\"https:\/\/prizewinnerinvest.com\/wp-content\/uploads\/2025\/01\/pexels-yankrukov-7693699-scaled.jpg\" alt=\"\" class=\"wp-image-597\" style=\"aspect-ratio:4\/3;object-fit:cover;width:502px;height:auto\" srcset=\"https:\/\/prizewinnerinvest.com\/wp-content\/uploads\/2025\/01\/pexels-yankrukov-7693699-scaled.jpg 2560w, https:\/\/prizewinnerinvest.com\/wp-content\/uploads\/2025\/01\/pexels-yankrukov-7693699-300x200.jpg 300w, https:\/\/prizewinnerinvest.com\/wp-content\/uploads\/2025\/01\/pexels-yankrukov-7693699-1024x683.jpg 1024w, https:\/\/prizewinnerinvest.com\/wp-content\/uploads\/2025\/01\/pexels-yankrukov-7693699-768x512.jpg 768w, https:\/\/prizewinnerinvest.com\/wp-content\/uploads\/2025\/01\/pexels-yankrukov-7693699-1536x1024.jpg 1536w, https:\/\/prizewinnerinvest.com\/wp-content\/uploads\/2025\/01\/pexels-yankrukov-7693699-2048x1365.jpg 2048w, https:\/\/prizewinnerinvest.com\/wp-content\/uploads\/2025\/01\/pexels-yankrukov-7693699-18x12.jpg 18w\" sizes=\"(max-width: 2560px) 100vw, 2560px\" \/><\/figure>\n<\/div>\n<\/div>\n<\/div>\n\n\n\n<div class=\"wp-block-group alignfull has-global-padding is-layout-constrained wp-block-group-is-layout-constrained\" style=\"margin-top:0;margin-bottom:0;padding-top:var(--wp--preset--spacing--50);padding-bottom:var(--wp--preset--spacing--50)\">\n<div class=\"wp-block-columns alignwide is-layout-flex wp-container-core-columns-is-layout-3 wp-block-columns-is-layout-flex\">\n<div class=\"wp-block-column is-layout-flow wp-block-column-is-layout-flow\" style=\"flex-basis:56%\">\n<figure class=\"wp-block-image aligncenter size-large is-resized\"><img decoding=\"async\" width=\"1024\" height=\"683\" src=\"https:\/\/prizewinnerinvest.com\/wp-content\/uploads\/2025\/01\/pexels-fauxels-3184428-1024x683.jpg\" alt=\"\" class=\"wp-image-598\" style=\"aspect-ratio:4\/3;object-fit:cover;width:596px;height:auto\" srcset=\"https:\/\/prizewinnerinvest.com\/wp-content\/uploads\/2025\/01\/pexels-fauxels-3184428-1024x683.jpg 1024w, https:\/\/prizewinnerinvest.com\/wp-content\/uploads\/2025\/01\/pexels-fauxels-3184428-300x200.jpg 300w, https:\/\/prizewinnerinvest.com\/wp-content\/uploads\/2025\/01\/pexels-fauxels-3184428-768x512.jpg 768w, https:\/\/prizewinnerinvest.com\/wp-content\/uploads\/2025\/01\/pexels-fauxels-3184428-1536x1024.jpg 1536w, https:\/\/prizewinnerinvest.com\/wp-content\/uploads\/2025\/01\/pexels-fauxels-3184428-2048x1365.jpg 2048w, https:\/\/prizewinnerinvest.com\/wp-content\/uploads\/2025\/01\/pexels-fauxels-3184428-18x12.jpg 18w\" sizes=\"(max-width: 1024px) 100vw, 1024px\" \/><\/figure>\n<\/div>\n\n\n\n<div class=\"wp-block-column is-vertically-aligned-center is-layout-flow wp-container-core-column-is-layout-5 wp-block-column-is-layout-flow\">\n<h2 class=\"wp-block-heading\">Visi\u00f3n<\/h2>\n\n\n\n<p>Nuestra visi\u00f3n es <strong>innovar<\/strong> y <strong>cambiar el juego<\/strong> en el mercado inmobiliario en Espa\u00f1a a trav\u00e9s de inversiones estrat\u00e9gicas y cercanas, construyendo relaciones s\u00f3lidas con nuestros inversores. Creemos en crecer juntos, compartiendo oportunidades y beneficios bajo nuestro lema: <strong><em>Invertimos contigo, ganamos juntos<\/em><\/strong>.<\/p>\n<\/div>\n<\/div>\n<\/div>\n\n\n\n<div class=\"wp-block-group alignfull has-background-color has-white-color has-black-background-color has-text-color has-background has-link-color wp-elements-b0f76c584a505e4faa30d7b1aa7e062e is-vertical is-content-justification-stretch is-layout-flex wp-container-core-group-is-layout-5 wp-block-group-is-layout-flex\" style=\"min-height:40vh;margin-top:0;margin-bottom:0;padding-top:var(--wp--preset--spacing--60);padding-right:var(--wp--preset--spacing--40);padding-bottom:var(--wp--preset--spacing--60);padding-left:var(--wp--preset--spacing--40)\">\n<div class=\"wp-block-columns alignwide has-small-font-size is-layout-flex wp-container-core-columns-is-layout-4 wp-block-columns-is-layout-flex\">\n<div class=\"wp-block-column is-layout-flow wp-block-column-is-layout-flow\">\n<h4 class=\"wp-block-heading has-text-align-center\"><mark style=\"background-color:rgba(0, 0, 0, 0)\" class=\"has-inline-color has-base-color\"><strong>Ubicaci\u00f3n<\/strong><\/mark><\/h4>\n\n\n\n<p class=\"has-text-align-center\">Carrer Eduardo Conde, 50, 08034, Barcelona-Espa\u00f1a<\/p>\n\n\n\n<h4 class=\"wp-block-heading has-text-align-center\"><mark style=\"background-color:rgba(0, 0, 0, 0)\" class=\"has-inline-color has-base-color\"><strong>Tel\u00e9fono<\/strong><\/mark><\/h4>\n\n\n\n<p class=\"has-text-align-center\">+34 620 37 15 42<\/p>\n\n\n\n<h4 class=\"wp-block-heading has-text-align-center\"><mark style=\"background-color:rgba(0, 0, 0, 0)\" class=\"has-inline-color has-base-color\"><strong>Email<\/strong><\/mark><\/h4>\n\n\n\n<p class=\"has-text-align-center\">info@prizewinnerinvest.com<\/p>\n<\/div>\n\n\n\n<div class=\"wp-block-column is-layout-flow wp-block-column-is-layout-flow\">\n<p class=\"has-text-align-center\">P\u00e1ginas<\/p>\n\n\n<nav class=\"has-small-font-size items-justified-center is-vertical no-wrap wp-block-navigation is-content-justification-center is-nowrap is-layout-flex wp-container-core-navigation-is-layout-1 wp-block-navigation-is-layout-flex\" aria-label=\"Navegaci\u00f3n 8\"><ul class=\"wp-block-navigation__container has-small-font-size items-justified-center is-vertical no-wrap wp-block-navigation has-small-font-size\"><li class=\"has-small-font-size wp-block-navigation-item wp-block-navigation-link\"><a class=\"wp-block-navigation-item__content\"  href=\"https:\/\/prizewinnerinvest.com\/en\/\"><span class=\"wp-block-navigation-item__label\">Inicio<\/span><\/a><\/li><li class=\"has-small-font-size wp-block-navigation-item wp-block-navigation-link\"><a class=\"wp-block-navigation-item__content\"  href=\"https:\/\/prizewinnerinvest.com\/en\/211-2\/\"><span class=\"wp-block-navigation-item__label\">Sobre Nosotros<\/span><\/a><\/li><li class=\"has-small-font-size wp-block-navigation-item wp-block-navigation-link\"><a class=\"wp-block-navigation-item__content\"  href=\"https:\/\/prizewinnerinvest.com\/en\/211-2\/203-2\/\"><span class=\"wp-block-navigation-item__label\">Inversiones<\/span><\/a><\/li><li class=\"has-small-font-size wp-block-navigation-item wp-block-navigation-link\"><a class=\"wp-block-navigation-item__content\"  href=\"https:\/\/prizewinnerinvest.com\/en\/215-2\/\"><span class=\"wp-block-navigation-item__label\">Contacto<\/span><\/a><\/li><\/ul><\/nav>\n\n\n<div style=\"height:24px\" aria-hidden=\"true\" class=\"wp-block-spacer\"><\/div>\n<\/div>\n\n\n\n<div class=\"wp-block-column is-layout-flow wp-block-column-is-layout-flow\">\n<p class=\"has-text-align-center\">S\u00edguenos<\/p>\n\n\n\n<div class=\"wp-block-group is-vertical is-content-justification-center is-layout-flex wp-container-core-group-is-layout-3 wp-block-group-is-layout-flex\">\n<p><a href=\"#\">Facebook<\/a><\/p>\n\n\n\n<p><a href=\"#\">Instagram<\/a><\/p>\n\n\n\n<p><a href=\"#\">Twitter<\/a><\/p>\n<\/div>\n\n\n\n<div style=\"height:24px\" aria-hidden=\"true\" class=\"wp-block-spacer\"><\/div>\n<\/div>\n<\/div>\n\n\n\n<div class=\"wp-block-group is-style-section-5 is-nowrap is-layout-flex wp-container-core-group-is-layout-4 wp-block-group-is-layout-flex is-style-section-5--1\">\n<h5 class=\"wp-block-heading\"><a href=\"https:\/\/prizewinnerinvest.com\/en\/aviso-legal\/\" data-type=\"page\" data-id=\"438\">Aviso Legal<\/a><\/h5>\n\n\n\n<h5 class=\"wp-block-heading\"><a href=\"https:\/\/prizewinnerinvest.com\/en\/443-2\/\" data-type=\"page\" data-id=\"443\">Terminos y condiciones<\/a><\/h5>\n\n\n\n<h5 class=\"wp-block-heading\"><a href=\"https:\/\/prizewinnerinvest.com\/en\/privacy-policy\/\" data-type=\"page\" data-id=\"3\">Politica de privacidad<\/a><\/h5>\n\n\n\n<div class=\"wp-block-columns is-layout-flex wp-container-core-columns-is-layout-5 wp-block-columns-is-layout-flex\">\n<div class=\"wp-block-column is-layout-flow wp-block-column-is-layout-flow\">\n<h5 class=\"wp-block-heading has-text-align-right\">&nbsp;<strong>\u00a9<\/strong> 2024 Design by AGC Agency<\/h5>\n<\/div>\n<\/div>\n<\/div>\n<\/div>","protected":false},"excerpt":{"rendered":"<p>Misi\u00f3n La misi\u00f3n de Prizewinner Invest es generar valor a trav\u00e9s de inversiones inmobiliarias inteligentes en Espa\u00f1a, enfoc\u00e1ndonos en la compra, mejora y gesti\u00f3n de propiedades. Nuestro compromiso es ofrecer a nuestros inversores oportunidades rentables con un enfoque cercano, transparente y profesional. Visi\u00f3n Nuestra visi\u00f3n es innovar y cambiar el juego en el mercado inmobiliario [&hellip;]<\/p>","protected":false},"author":1,"featured_media":0,"parent":0,"menu_order":0,"comment_status":"closed","ping_status":"closed","template":"page-no-title","meta":{"_uag_custom_page_level_css":"","footnotes":""},"class_list":["post-211","page","type-page","status-publish","hentry"],"aioseo_notices":[],"uagb_featured_image_src":{"full":false,"thumbnail":false,"medium":false,"medium_large":false,"large":false,"1536x1536":false,"2048x2048":false,"trp-custom-language-flag":false},"uagb_author_info":{"display_name":"oltra.david@gmail.com","author_link":"https:\/\/prizewinnerinvest.com\/en\/author\/oltra-davidgmail-com\/"},"uagb_comment_info":0,"uagb_excerpt":"Misi\u00f3n La misi\u00f3n de Prizewinner Invest es generar valor a trav\u00e9s de inversiones inmobiliarias inteligentes en Espa\u00f1a, enfoc\u00e1ndonos en la compra, mejora y gesti\u00f3n de propiedades. Nuestro compromiso es ofrecer a nuestros inversores oportunidades rentables con un enfoque cercano, transparente y profesional. Visi\u00f3n Nuestra visi\u00f3n es innovar y cambiar el juego en el mercado inmobiliario&hellip;","_links":{"self":[{"href":"https:\/\/prizewinnerinvest.com\/en\/wp-json\/wp\/v2\/pages\/211","targetHints":{"allow":["GET"]}}],"collection":[{"href":"https:\/\/prizewinnerinvest.com\/en\/wp-json\/wp\/v2\/pages"}],"about":[{"href":"https:\/\/prizewinnerinvest.com\/en\/wp-json\/wp\/v2\/types\/page"}],"author":[{"embeddable":true,"href":"https:\/\/prizewinnerinvest.com\/en\/wp-json\/wp\/v2\/users\/1"}],"replies":[{"embeddable":true,"href":"https:\/\/prizewinnerinvest.com\/en\/wp-json\/wp\/v2\/comments?post=211"}],"version-history":[{"count":30,"href":"https:\/\/prizewinnerinvest.com\/en\/wp-json\/wp\/v2\/pages\/211\/revisions"}],"predecessor-version":[{"id":603,"href":"https:\/\/prizewinnerinvest.com\/en\/wp-json\/wp\/v2\/pages\/211\/revisions\/603"}],"wp:attachment":[{"href":"https:\/\/prizewinnerinvest.com\/en\/wp-json\/wp\/v2\/media?parent=211"}],"curies":[{"name":"wp","href":"https:\/\/api.w.org\/{rel}","templated":true}]}}