{"id":207,"date":"2024-12-02T20:04:50","date_gmt":"2024-12-02T20:04:50","guid":{"rendered":"https:\/\/prizewinnerinvest.com\/?page_id=207"},"modified":"2024-12-15T19:49:59","modified_gmt":"2024-12-15T19:49:59","slug":"207-2","status":"publish","type":"page","link":"https:\/\/prizewinnerinvest.com\/en\/207-2\/","title":{"rendered":"Proyectos"},"content":{"rendered":"<div class=\"wp-block-group alignfull has-global-padding is-layout-constrained wp-container-core-group-is-layout-5 wp-block-group-is-layout-constrained\" style=\"margin-top:0;margin-bottom:0;padding-top:var(--wp--preset--spacing--50);padding-bottom:var(--wp--preset--spacing--50)\">\n<div class=\"wp-block-group alignwide has-global-padding is-content-justification-left is-layout-constrained wp-container-core-group-is-layout-1 wp-block-group-is-layout-constrained\">\n<h2 class=\"wp-block-heading has-x-large-font-size\">Eventos<\/h2>\n\n\n\n<p>Estos son algunos de los pr\u00f3ximos acontecimientos.<\/p>\n<\/div>\n\n\n\n<div class=\"wp-block-columns alignwide is-layout-flex wp-container-core-columns-is-layout-1 wp-block-columns-is-layout-flex\" style=\"padding-top:0;padding-bottom:0\">\n<div class=\"wp-block-column is-layout-flow wp-container-core-column-is-layout-1 wp-block-column-is-layout-flow\" style=\"padding-top:var(--wp--preset--spacing--70)\">\n<figure class=\"wp-block-image size-full\"><img decoding=\"async\" src=\"https:\/\/prizewinnerinvest.com\/wp-content\/themes\/twentytwentyfive\/assets\/images\/ruins-image.webp\" alt=\"Imagen del evento\"\/><\/figure>\n\n\n\n<div class=\"wp-block-group is-vertical is-layout-flex wp-container-core-group-is-layout-2 wp-block-group-is-layout-flex\" style=\"padding-top:var(--wp--preset--spacing--30)\">\n<h3 class=\"wp-block-heading\" style=\"padding-top:var(--wp--preset--spacing--20)\">Cuenta tu historia<\/h3>\n\n\n\n<p class=\"has-accent-4-color has-text-color has-link-color has-medium-font-size wp-elements-65bc7c490d50206cdc9fc589e15934ea\">Lun, 1 Ene<\/p>\n<\/div>\n\n\n\n<p style=\"padding-top:var(--wp--preset--spacing--40)\"><a href=\"#\">Detalles del evento<\/a><\/p>\n<\/div>\n\n\n\n<div class=\"wp-block-column is-layout-flow wp-container-core-column-is-layout-2 wp-block-column-is-layout-flow\" style=\"padding-top:var(--wp--preset--spacing--70)\">\n<figure class=\"wp-block-image size-full\"><img decoding=\"async\" src=\"https:\/\/prizewinnerinvest.com\/wp-content\/themes\/twentytwentyfive\/assets\/images\/ruins-image.webp\" alt=\"Imagen del evento\"\/><\/figure>\n\n\n\n<div class=\"wp-block-group is-vertical is-layout-flex wp-container-core-group-is-layout-3 wp-block-group-is-layout-flex\" style=\"padding-top:var(--wp--preset--spacing--30)\">\n<h3 class=\"wp-block-heading\" style=\"padding-top:var(--wp--preset--spacing--20)\">Cuenta tu historia<\/h3>\n\n\n\n<p class=\"has-accent-4-color has-text-color has-link-color has-medium-font-size wp-elements-65bc7c490d50206cdc9fc589e15934ea\">Lun, 1 Ene<\/p>\n<\/div>\n\n\n\n<p style=\"padding-top:var(--wp--preset--spacing--40)\"><a href=\"#\">Detalles del evento<\/a><\/p>\n<\/div>\n\n\n\n<div class=\"wp-block-column is-layout-flow wp-container-core-column-is-layout-3 wp-block-column-is-layout-flow\" style=\"padding-top:var(--wp--preset--spacing--70)\">\n<figure class=\"wp-block-image size-full\"><img decoding=\"async\" src=\"https:\/\/prizewinnerinvest.com\/wp-content\/themes\/twentytwentyfive\/assets\/images\/ruins-image.webp\" alt=\"Imagen del evento\"\/><\/figure>\n\n\n\n<div class=\"wp-block-group is-vertical is-layout-flex wp-container-core-group-is-layout-4 wp-block-group-is-layout-flex\" style=\"padding-top:var(--wp--preset--spacing--30)\">\n<h3 class=\"wp-block-heading\" style=\"padding-top:var(--wp--preset--spacing--20)\">Cuenta tu historia<\/h3>\n\n\n\n<p class=\"has-accent-4-color has-text-color has-link-color has-medium-font-size wp-elements-65bc7c490d50206cdc9fc589e15934ea\">Lun, 1 Ene<\/p>\n<\/div>\n\n\n\n<p style=\"padding-top:var(--wp--preset--spacing--40)\"><a href=\"#\">Detalles del evento<\/a><\/p>\n<\/div>\n<\/div>\n<\/div>\n\n\n\n<div class=\"wp-block-group alignfull is-style-section-2 has-global-padding is-layout-constrained wp-block-group-is-layout-constrained is-style-section-2--1\" style=\"margin-top:0;margin-bottom:0;padding-top:var(--wp--preset--spacing--60);padding-bottom:var(--wp--preset--spacing--60)\">\n<div class=\"wp-block-columns alignwide is-layout-flex wp-container-core-columns-is-layout-2 wp-block-columns-is-layout-flex\">\n<div class=\"wp-block-column is-layout-flow wp-block-column-is-layout-flow\" style=\"flex-basis:40%\">\n<figure class=\"wp-block-image size-large\"><img decoding=\"async\" src=\"https:\/\/prizewinnerinvest.com\/wp-content\/themes\/twentytwentyfive\/assets\/images\/hero-podcast.webp\" alt=\"Foto de una persona\"\/><\/figure>\n<\/div>\n\n\n\n<div class=\"wp-block-column is-vertically-aligned-center is-layout-flow wp-container-core-column-is-layout-5 wp-block-column-is-layout-flow\" style=\"flex-basis:60%\">\n<h2 class=\"wp-block-heading has-xx-large-font-size\">El Podcast Historias<\/h2>\n\n\n\n<p>Narraci\u00f3n de historias, an\u00e1lisis de expertos y descripciones v\u00edvidas. El Podcast Historias da vida a la historia, haci\u00e9ndola accesible y atractiva para un p\u00fablico global.<\/p>\n\n\n\n<div class=\"wp-block-group is-vertical is-layout-flex wp-container-core-group-is-layout-7 wp-block-group-is-layout-flex\">\n<h3 class=\"wp-block-heading has-small-font-size\" style=\"font-style:normal;font-weight:600;letter-spacing:1px;text-transform:uppercase\">Suscr\u00edbete en tu plataforma favorita<\/h3>\n\n\n\n<div class=\"wp-block-group is-layout-flex wp-block-group-is-layout-flex\">\n<p class=\"is-style-text-annotation is-style-text-annotation--2\"><a href=\"#\">YouTube<\/a><\/p>\n\n\n\n<p class=\"is-style-text-annotation is-style-text-annotation--3\"><a href=\"#\">Apple Podcasts<\/a><\/p>\n\n\n\n<p class=\"is-style-text-annotation is-style-text-annotation--4\"><a href=\"#\">Spotify<\/a><\/p>\n\n\n\n<p class=\"is-style-text-annotation is-style-text-annotation--5\"><a href=\"#\">Pocket Casts<\/a><\/p>\n\n\n\n<p class=\"is-style-text-annotation is-style-text-annotation--6\"><a href=\"#\">RSS<\/a><\/p>\n<\/div>\n<\/div>\n<\/div>\n<\/div>\n<\/div>\n\n\n\n<div class=\"wp-block-group alignfull is-style-section-5 has-global-padding is-layout-constrained wp-block-group-is-layout-constrained is-style-section-5--7\" style=\"margin-top:0;margin-bottom:0;padding-top:var(--wp--preset--spacing--50);padding-bottom:var(--wp--preset--spacing--50)\">\n<div class=\"wp-block-columns alignwide is-layout-flex wp-container-core-columns-is-layout-3 wp-block-columns-is-layout-flex\">\n<div class=\"wp-block-column is-vertically-aligned-center is-layout-flow wp-block-column-is-layout-flow\" style=\"flex-basis:50%\">\n<h2 class=\"wp-block-heading\">\n\t\t\t\tSobre el evento\t\t\t<\/h2>\n\n\n\n<p class=\"has-medium-font-size\">Celebrado durante un fin de semana, el evento se estructura en torno a una serie de exposiciones, talleres y mesas redondas. Las exposiciones muestran una cuidada selecci\u00f3n de fotograf\u00edas que narran historias apasionantes de diversos rincones del planeta, cada imagen est\u00e1 acompa\u00f1ada de narraciones detalladas que proporcionan un contexto y una visi\u00f3n m\u00e1s profunda de la importancia hist\u00f3rica de las escenas representadas. Estas fotograf\u00edas proceden de los archivos de fot\u00f3grafos de renombre, as\u00ed como de talentos emergentes, lo que garantiza una mezcla de perspectivas cl\u00e1sicas y contempor\u00e1neas.<\/p>\n<\/div>\n\n\n\n<div class=\"wp-block-column is-vertically-aligned-center is-layout-flow wp-block-column-is-layout-flow\" style=\"flex-basis:50%\">\n<figure class=\"wp-block-image size-full\"><img decoding=\"async\" src=\"https:\/\/prizewinnerinvest.com\/wp-content\/themes\/twentytwentyfive\/assets\/images\/ruins-image.webp\" alt=\"Cliff Palace, Colorado\" style=\"aspect-ratio:1;object-fit:cover\"\/><\/figure>\n<\/div>\n<\/div>\n<\/div>\n\n\n\n<div class=\"wp-block-group alignfull is-style-section-2 has-global-padding is-layout-constrained wp-block-group-is-layout-constrained is-style-section-2--8\" style=\"margin-top:0;margin-bottom:0;padding-top:var(--wp--preset--spacing--60);padding-bottom:var(--wp--preset--spacing--60)\">\n<div class=\"wp-block-columns alignwide is-layout-flex wp-container-core-columns-is-layout-4 wp-block-columns-is-layout-flex\">\n<div class=\"wp-block-column is-layout-flow wp-block-column-is-layout-flow\" style=\"flex-basis:40%\">\n<figure class=\"wp-block-image size-large\"><img decoding=\"async\" src=\"https:\/\/prizewinnerinvest.com\/wp-content\/themes\/twentytwentyfive\/assets\/images\/hero-podcast.webp\" alt=\"Foto de una persona\"\/><\/figure>\n<\/div>\n\n\n\n<div class=\"wp-block-column is-vertically-aligned-center is-layout-flow wp-container-core-column-is-layout-9 wp-block-column-is-layout-flow\" style=\"flex-basis:60%\">\n<h2 class=\"wp-block-heading has-xx-large-font-size\">El Podcast Historias<\/h2>\n\n\n\n<p>Narraci\u00f3n de historias, an\u00e1lisis de expertos y descripciones v\u00edvidas. El Podcast Historias da vida a la historia, haci\u00e9ndola accesible y atractiva para un p\u00fablico global.<\/p>\n\n\n\n<div class=\"wp-block-group is-vertical is-layout-flex wp-container-core-group-is-layout-11 wp-block-group-is-layout-flex\">\n<h3 class=\"wp-block-heading has-small-font-size\" style=\"font-style:normal;font-weight:600;letter-spacing:1px;text-transform:uppercase\">Suscr\u00edbete en tu plataforma favorita<\/h3>\n\n\n\n<div class=\"wp-block-group is-layout-flex wp-block-group-is-layout-flex\">\n<p class=\"is-style-text-annotation is-style-text-annotation--9\"><a href=\"#\">YouTube<\/a><\/p>\n\n\n\n<p class=\"is-style-text-annotation is-style-text-annotation--10\"><a href=\"#\">Apple Podcasts<\/a><\/p>\n\n\n\n<p class=\"is-style-text-annotation is-style-text-annotation--11\"><a href=\"#\">Spotify<\/a><\/p>\n\n\n\n<p class=\"is-style-text-annotation is-style-text-annotation--12\"><a href=\"#\">Pocket Casts<\/a><\/p>\n\n\n\n<p class=\"is-style-text-annotation is-style-text-annotation--13\"><a href=\"#\">RSS<\/a><\/p>\n<\/div>\n<\/div>\n<\/div>\n<\/div>\n<\/div>\n\n\n\n<div class=\"wp-block-group alignfull has-background-color has-white-color has-black-background-color has-text-color has-background has-link-color wp-elements-f41cd1721c300eadd005b52d9b22d9b3 is-vertical is-content-justification-stretch is-layout-flex wp-container-core-group-is-layout-15 wp-block-group-is-layout-flex\" style=\"min-height:40vh;margin-top:0;margin-bottom:0;padding-top:var(--wp--preset--spacing--60);padding-right:var(--wp--preset--spacing--40);padding-bottom:var(--wp--preset--spacing--60);padding-left:var(--wp--preset--spacing--40)\">\n<div class=\"wp-block-columns alignwide has-small-font-size is-layout-flex wp-container-core-columns-is-layout-5 wp-block-columns-is-layout-flex\">\n<div class=\"wp-block-column is-layout-flow wp-block-column-is-layout-flow\">\n<h4 class=\"wp-block-heading has-text-align-center\"><mark style=\"background-color:rgba(0, 0, 0, 0)\" class=\"has-inline-color has-accent-1-color\">Ubicaci\u00f3n<\/mark><\/h4>\n\n\n\n<p class=\"has-text-align-center\">Carrer Eduardo Conde, 50, 08034, Barcelona-Espa\u00f1a<\/p>\n\n\n\n<h4 class=\"wp-block-heading has-text-align-center\"><mark style=\"background-color:rgba(0, 0, 0, 0)\" class=\"has-inline-color has-accent-1-color\">Tel\u00e9fono<\/mark><\/h4>\n\n\n\n<p class=\"has-text-align-center\">+34 620 37 15 42<\/p>\n\n\n\n<p class=\"has-text-align-center\"><\/p>\n\n\n\n<h4 class=\"wp-block-heading has-text-align-center\"><mark style=\"background-color:rgba(0, 0, 0, 0)\" class=\"has-inline-color has-accent-1-color\">Ubicaci\u00f3n<\/mark><\/h4>\n\n\n\n<p class=\"has-text-align-center\">2020 Lomita Blvd, <\/p>\n<\/div>\n\n\n\n<div class=\"wp-block-column is-layout-flow wp-block-column-is-layout-flow\">\n<p class=\"has-text-align-center\">P\u00e1ginas<\/p>\n\n\n<nav class=\"has-small-font-size items-justified-center is-vertical no-wrap wp-block-navigation is-content-justification-center is-nowrap is-layout-flex wp-container-core-navigation-is-layout-1 wp-block-navigation-is-layout-flex\" aria-label=\"Navegaci\u00f3n 8\"><ul class=\"wp-block-navigation__container has-small-font-size items-justified-center is-vertical no-wrap wp-block-navigation has-small-font-size\"><li class=\"has-small-font-size wp-block-navigation-item wp-block-navigation-link\"><a class=\"wp-block-navigation-item__content\"  href=\"https:\/\/prizewinnerinvest.com\/en\/\"><span class=\"wp-block-navigation-item__label\">Inicio<\/span><\/a><\/li><li class=\"has-small-font-size wp-block-navigation-item wp-block-navigation-link\"><a class=\"wp-block-navigation-item__content\"  href=\"https:\/\/prizewinnerinvest.com\/en\/211-2\/\"><span class=\"wp-block-navigation-item__label\">Sobre Nosotros<\/span><\/a><\/li><li class=\"has-small-font-size wp-block-navigation-item wp-block-navigation-link\"><a class=\"wp-block-navigation-item__content\"  href=\"https:\/\/prizewinnerinvest.com\/en\/211-2\/203-2\/\"><span class=\"wp-block-navigation-item__label\">Inversiones<\/span><\/a><\/li><li class=\"has-small-font-size wp-block-navigation-item wp-block-navigation-link\"><a class=\"wp-block-navigation-item__content\"  href=\"https:\/\/prizewinnerinvest.com\/en\/215-2\/\"><span class=\"wp-block-navigation-item__label\">Contacto<\/span><\/a><\/li><\/ul><\/nav>\n\n\n<div style=\"height:24px\" aria-hidden=\"true\" class=\"wp-block-spacer\"><\/div>\n<\/div>\n\n\n\n<div class=\"wp-block-column is-layout-flow wp-block-column-is-layout-flow\">\n<p class=\"has-text-align-center\">S\u00edguenos<\/p>\n\n\n\n<div class=\"wp-block-group is-vertical is-content-justification-center is-layout-flex wp-container-core-group-is-layout-13 wp-block-group-is-layout-flex\">\n<p><a href=\"#\">Facebook<\/a><\/p>\n\n\n\n<p><a href=\"#\">Instagram<\/a><\/p>\n\n\n\n<p><a href=\"#\">Twitter<\/a><\/p>\n<\/div>\n\n\n\n<div style=\"height:24px\" aria-hidden=\"true\" class=\"wp-block-spacer\"><\/div>\n<\/div>\n<\/div>\n\n\n\n<div class=\"wp-block-group is-style-section-5 is-nowrap is-layout-flex wp-container-core-group-is-layout-14 wp-block-group-is-layout-flex is-style-section-5--14\">\n<h5 class=\"wp-block-heading\"><a href=\"https:\/\/prizewinnerinvest.com\/en\/aviso-legal\/\" data-type=\"page\" data-id=\"438\">Aviso Legal<\/a><\/h5>\n\n\n\n<h5 class=\"wp-block-heading\"><a href=\"https:\/\/prizewinnerinvest.com\/en\/443-2\/\" data-type=\"page\" data-id=\"443\">Terminos y condiciones<\/a><\/h5>\n\n\n\n<h5 class=\"wp-block-heading\"><a href=\"https:\/\/prizewinnerinvest.com\/en\/privacy-policy\/\" data-type=\"page\" data-id=\"3\">Politica de privacidad<\/a><\/h5>\n\n\n\n<div class=\"wp-block-columns is-layout-flex wp-container-core-columns-is-layout-6 wp-block-columns-is-layout-flex\">\n<div class=\"wp-block-column is-layout-flow wp-block-column-is-layout-flow\">\n<h5 class=\"wp-block-heading has-text-align-right\">&nbsp;<strong>\u00a9<\/strong> 2024 Design by AGC Agency<\/h5>\n<\/div>\n<\/div>\n<\/div>\n<\/div>","protected":false},"excerpt":{"rendered":"<p>Eventos Estos son algunos de los pr\u00f3ximos acontecimientos. Cuenta tu historia Lun, 1 Ene Detalles del evento Cuenta tu historia Lun, 1 Ene Detalles del evento Cuenta tu historia Lun, 1 Ene Detalles del evento El Podcast Historias Narraci\u00f3n de historias, an\u00e1lisis de expertos y descripciones v\u00edvidas. El Podcast Historias da vida a la historia, [&hellip;]<\/p>","protected":false},"author":1,"featured_media":0,"parent":0,"menu_order":0,"comment_status":"closed","ping_status":"closed","template":"page-no-title","meta":{"_uag_custom_page_level_css":"","footnotes":""},"class_list":["post-207","page","type-page","status-publish","hentry"],"aioseo_notices":[],"uagb_featured_image_src":{"full":false,"thumbnail":false,"medium":false,"medium_large":false,"large":false,"1536x1536":false,"2048x2048":false,"trp-custom-language-flag":false},"uagb_author_info":{"display_name":"oltra.david@gmail.com","author_link":"https:\/\/prizewinnerinvest.com\/en\/author\/oltra-davidgmail-com\/"},"uagb_comment_info":0,"uagb_excerpt":"Eventos Estos son algunos de los pr\u00f3ximos acontecimientos. Cuenta tu historia Lun, 1 Ene Detalles del evento Cuenta tu historia Lun, 1 Ene Detalles del evento Cuenta tu historia Lun, 1 Ene Detalles del evento El Podcast Historias Narraci\u00f3n de historias, an\u00e1lisis de expertos y descripciones v\u00edvidas. El Podcast Historias da vida a la historia,&hellip;","_links":{"self":[{"href":"https:\/\/prizewinnerinvest.com\/en\/wp-json\/wp\/v2\/pages\/207","targetHints":{"allow":["GET"]}}],"collection":[{"href":"https:\/\/prizewinnerinvest.com\/en\/wp-json\/wp\/v2\/pages"}],"about":[{"href":"https:\/\/prizewinnerinvest.com\/en\/wp-json\/wp\/v2\/types\/page"}],"author":[{"embeddable":true,"href":"https:\/\/prizewinnerinvest.com\/en\/wp-json\/wp\/v2\/users\/1"}],"replies":[{"embeddable":true,"href":"https:\/\/prizewinnerinvest.com\/en\/wp-json\/wp\/v2\/comments?post=207"}],"version-history":[{"count":5,"href":"https:\/\/prizewinnerinvest.com\/en\/wp-json\/wp\/v2\/pages\/207\/revisions"}],"predecessor-version":[{"id":522,"href":"https:\/\/prizewinnerinvest.com\/en\/wp-json\/wp\/v2\/pages\/207\/revisions\/522"}],"wp:attachment":[{"href":"https:\/\/prizewinnerinvest.com\/en\/wp-json\/wp\/v2\/media?parent=207"}],"curies":[{"name":"wp","href":"https:\/\/api.w.org\/{rel}","templated":true}]}}