{"id":203,"date":"2024-12-02T20:04:15","date_gmt":"2024-12-02T20:04:15","guid":{"rendered":"https:\/\/prizewinnerinvest.com\/?page_id=203"},"modified":"2024-12-15T16:39:52","modified_gmt":"2024-12-15T16:39:52","slug":"203-2","status":"publish","type":"page","link":"https:\/\/prizewinnerinvest.com\/en\/211-2\/203-2\/","title":{"rendered":"Inversiones"},"content":{"rendered":"<aside class=\"wp-block-group alignfull is-style-section-3 has-global-padding is-layout-constrained wp-container-core-group-is-layout-1 wp-block-group-is-layout-constrained is-style-section-3--1\" style=\"margin-top:0;margin-bottom:0;padding-top:var(--wp--preset--spacing--50);padding-right:var(--wp--preset--spacing--50);padding-bottom:var(--wp--preset--spacing--50);padding-left:var(--wp--preset--spacing--50)\">\n<h1 class=\"wp-block-heading has-text-align-center\">Nuestras inversiones<\/h1>\n<\/aside>\n\n\n\n<div class=\"wp-block-columns is-layout-flex wp-container-core-columns-is-layout-2 wp-block-columns-is-layout-flex\">\n<div class=\"wp-block-column is-layout-flow wp-block-column-is-layout-flow\">\n<h2 class=\"wp-block-heading has-text-align-center\">Activos Off Market <\/h2>\n\n\n\n<div class=\"wp-block-columns is-layout-flex wp-container-core-columns-is-layout-1 wp-block-columns-is-layout-flex\">\n<div class=\"wp-block-column is-layout-flow wp-block-column-is-layout-flow\">\n<p class=\"has-text-align-center\">Invertimos en activos que aun no estan publicados en el mercado d\u00e1ndonos un ventaja, contamos con tratos de exclusividad y grandes rebajas debido a nuestras colaboraciones con bancos y fondos de inversion<\/p>\n\n\n\n<p class=\"has-text-align-center\">Esto nos permite tener una red de contactos que con nuestra capacidad para encontrar las oportunidades mas rentables podemos obtener descuentos superiores del 40%.<\/p>\n<\/div>\n<\/div>\n<\/div>\n<\/div>\n\n\n\n<div class=\"wp-block-group alignfull has-global-padding is-layout-constrained wp-container-core-group-is-layout-3 wp-block-group-is-layout-constrained\" style=\"min-height:0vh;margin-top:0;margin-bottom:0;padding-top:var(--wp--preset--spacing--70);padding-right:var(--wp--preset--spacing--40);padding-bottom:var(--wp--preset--spacing--70);padding-left:var(--wp--preset--spacing--40)\">\n<div class=\"wp-block-group has-global-padding is-layout-constrained wp-container-core-group-is-layout-2 wp-block-group-is-layout-constrained\">\n<h2 class=\"wp-block-heading has-text-align-center has-xx-large-font-size\" style=\"margin-right:0;margin-left:0;padding-right:0;padding-left:0\">Activos Premium<\/h2>\n\n\n\n<p class=\"has-text-align-center\">Diversificamos nuestras inversiones, alcanzando a oportunidades  a largo plazo y proyectos mas ambiciosos. <\/p>\n\n\n\n<p class=\"has-text-align-center\">Nos interesa activos como hoteles, terrenos entre otros que nos permita tener una mayor rentabilidad a largo plazo para que se destinen a diferentes formas de inversion sea venta o renta. <\/p>\n<\/div>\n<\/div>\n\n\n\n<div class=\"wp-block-group alignfull has-global-padding is-layout-constrained wp-container-core-group-is-layout-5 wp-block-group-is-layout-constrained\" style=\"min-height:0vh;margin-top:0;margin-bottom:0;padding-top:var(--wp--preset--spacing--70);padding-right:var(--wp--preset--spacing--40);padding-bottom:var(--wp--preset--spacing--70);padding-left:var(--wp--preset--spacing--40)\">\n<div class=\"wp-block-group has-global-padding is-layout-constrained wp-container-core-group-is-layout-4 wp-block-group-is-layout-constrained\">\n<h2 class=\"wp-block-heading has-text-align-center has-xx-large-font-size\" style=\"margin-right:0;margin-left:0;padding-right:0;padding-left:0\">Activos en reforma u obra parada<\/h2>\n\n\n\n<p class=\"has-text-align-center\">Dentro de las oportunidades que tenemos, encontramos diferentes problem\u00e1ticas, entre ellas, los activos que no estan finalizados o necesitan una reforma.<\/p>\n\n\n\n<p class=\"has-text-align-center\">Evaluamos estrat\u00e9gicamente los activos y decidimos entre los mejores para adentrarnos en estas inversiones<\/p>\n<\/div>\n<\/div>\n\n\n\n<div class=\"wp-block-group alignfull is-style-section-1 has-global-padding is-layout-constrained wp-block-group-is-layout-constrained is-style-section-1--2\" style=\"margin-top:0;margin-bottom:0;padding-top:var(--wp--preset--spacing--80);padding-bottom:var(--wp--preset--spacing--80)\">\n<div class=\"wp-block-columns alignwide is-layout-flex wp-container-core-columns-is-layout-3 wp-block-columns-is-layout-flex\">\n<div class=\"wp-block-column is-layout-flow wp-block-column-is-layout-flow\" style=\"padding-right:var(--wp--preset--spacing--50);flex-basis:45%\">\n<figure class=\"wp-block-image size-full\"><img decoding=\"async\" src=\"https:\/\/prizewinnerinvest.com\/wp-content\/themes\/twentytwentyfive\/assets\/images\/red-hibiscus-closeup.webp\" alt=\"Primer plano fotogr\u00e1fico de una flor roja.\"\/><\/figure>\n<\/div>\n\n\n\n<div class=\"wp-block-column is-vertically-aligned-center is-layout-flow wp-block-column-is-layout-flow\" style=\"padding-right:0;padding-left:0;flex-basis:50%\">\n<div class=\"wp-block-group is-vertical is-layout-flex wp-container-core-group-is-layout-6 wp-block-group-is-layout-flex\">\n<h2 class=\"wp-block-heading is-style-text-annotation is-style-text-annotation--3\">Qui\u00e9nes somos<\/h2>\n<\/div>\n\n\n\n<p class=\"is-style-text-subtitle is-style-text-subtitle--4\">\n\t\t\t<strong>Fleurs<\/strong> es una empresa de env\u00edo y suscripci\u00f3n de flores. Con sede en la UE, nuestra misi\u00f3n no es s\u00f3lo entregar impresionantes arreglos florales en todo el mundo, sino tambi\u00e9n fomentar el conocimiento y el entusiasmo sobre este hermoso regalo de la naturaleza: las flores.\t\t\t<\/p>\n<\/div>\n<\/div>\n<\/div>\n\n\n\n<div class=\"wp-block-group alignfull has-global-padding is-layout-constrained wp-container-core-group-is-layout-8 wp-block-group-is-layout-constrained\" style=\"margin-top:0;margin-bottom:0;padding-top:var(--wp--preset--spacing--50);padding-bottom:var(--wp--preset--spacing--50)\">\n<h2 class=\"wp-block-heading alignwide\">Nuestros servicios<\/h2>\n\n\n\n<div class=\"wp-block-columns alignwide is-layout-flex wp-container-core-columns-is-layout-4 wp-block-columns-is-layout-flex\">\n<div class=\"wp-block-column is-layout-flow wp-block-column-is-layout-flow\">\n<figure class=\"wp-block-image size-full\" style=\"margin-bottom:24px\"><img decoding=\"async\" src=\"https:\/\/prizewinnerinvest.com\/wp-content\/themes\/twentytwentyfive\/assets\/images\/campanula-alliariifolia-flower.webp\" alt=\"Imagen para el servicio\" style=\"aspect-ratio:4\/3;object-fit:cover\"\/><\/figure>\n\n\n\n<h3 class=\"wp-block-heading\">Recoge<\/h3>\n\n\n\n<p class=\"has-medium-font-size\">Como las flores que florecen en lugares inesperados, cada historia se desarrolla con belleza y resistencia<\/p>\n<\/div>\n\n\n\n<div class=\"wp-block-column is-layout-flow wp-block-column-is-layout-flow\">\n<figure class=\"wp-block-image size-full\" style=\"margin-bottom:24px\"><img decoding=\"async\" src=\"https:\/\/prizewinnerinvest.com\/wp-content\/themes\/twentytwentyfive\/assets\/images\/delphinium-flowers.webp\" alt=\"Imagen para el servicio\" style=\"aspect-ratio:4\/3;object-fit:cover\"\/><\/figure>\n\n\n\n<h3 class=\"wp-block-heading\">Ensamblador<\/h3>\n\n\n\n<p class=\"has-medium-font-size\">Como las flores que florecen en lugares inesperados, cada historia se desarrolla con belleza y resistencia<\/p>\n<\/div>\n\n\n\n<div class=\"wp-block-column is-layout-flow wp-block-column-is-layout-flow\">\n<figure class=\"wp-block-image size-full\" style=\"margin-bottom:24px\"><img decoding=\"async\" src=\"https:\/\/prizewinnerinvest.com\/wp-content\/themes\/twentytwentyfive\/assets\/images\/star-thristle-flower.webp\" alt=\"Imagen para el servicio\" style=\"aspect-ratio:4\/3;object-fit:cover\"\/><\/figure>\n\n\n\n<h3 class=\"wp-block-heading\">Entrega<\/h3>\n\n\n\n<p class=\"has-medium-font-size\">Como las flores que florecen en lugares inesperados, cada historia se desarrolla con belleza y resistencia<\/p>\n<\/div>\n<\/div>\n<\/div>\n\n\n\n<div class=\"wp-block-group alignfull has-global-padding is-layout-constrained wp-block-group-is-layout-constrained\" style=\"margin-top:0;margin-bottom:0;padding-top:var(--wp--preset--spacing--60);padding-bottom:var(--wp--preset--spacing--60)\">\n<div class=\"wp-block-columns alignwide is-layout-flex wp-container-core-columns-is-layout-5 wp-block-columns-is-layout-flex\">\n<div class=\"wp-block-column is-layout-flow wp-block-column-is-layout-flow\">\n<div class=\"wp-block-group is-vertical is-content-justification-left is-layout-flex wp-container-core-group-is-layout-10 wp-block-group-is-layout-flex\" style=\"min-height:100%\">\n<h2 class=\"wp-block-heading is-style-text-annotation has-x-small-font-size is-style-text-annotation--5\">Lo que dice la gente<\/h2>\n\n\n\n<blockquote class=\"wp-block-quote is-style-plain has-x-large-font-size is-layout-flow wp-container-core-quote-is-layout-1 wp-block-quote-is-layout-flow is-style-plain--6\" style=\"font-style:normal;font-weight:400\">\n<div class=\"wp-block-group has-global-padding is-content-justification-left is-layout-constrained wp-container-core-group-is-layout-9 wp-block-group-is-layout-constrained\" style=\"margin-top:0;margin-bottom:0;padding-top:0;padding-right:0;padding-bottom:0;padding-left:0\">\n<p class=\"has-xx-large-font-size\">\u00ab\u00a1Producto y servicio al cliente magn\u00edficos!\u00bb<\/p>\n<\/div>\n<cite>Jo Mulligan <br><sub>Atlanta, GA<\/sub><\/cite><\/blockquote>\n<\/div>\n<\/div>\n\n\n\n<div class=\"wp-block-column is-layout-flow wp-block-column-is-layout-flow\" style=\"padding-top:0;padding-right:0;padding-bottom:0;padding-left:0\">\n<figure class=\"wp-block-image size-large\"><img decoding=\"async\" src=\"https:\/\/prizewinnerinvest.com\/wp-content\/themes\/twentytwentyfive\/assets\/images\/typewriter.webp\" alt=\"Imagen de una persona tecleando en una m\u00e1quina de escribir.\" style=\"aspect-ratio:1;object-fit:cover\"\/><\/figure>\n<\/div>\n<\/div>\n<\/div>\n\n\n\n<div class=\"wp-block-group alignfull has-global-padding is-layout-constrained wp-block-group-is-layout-constrained\" style=\"margin-top:0;margin-bottom:0;padding-top:var(--wp--preset--spacing--60);padding-bottom:var(--wp--preset--spacing--60)\">\n<h2 class=\"wp-block-heading alignwide has-text-align-center\">Precios<\/h2>\n\n\n\n<p class=\"has-text-align-center\">Cancela o pausa en cualquier momento.<\/p>\n\n\n\n<div style=\"height:var(--wp--preset--spacing--40)\" aria-hidden=\"true\" class=\"wp-block-spacer\"><\/div>\n\n\n\n<div class=\"wp-block-columns alignwide is-layout-flex wp-container-core-columns-is-layout-6 wp-block-columns-is-layout-flex\">\n<div class=\"wp-block-column has-border-color is-layout-flow wp-block-column-is-layout-flow\" style=\"border-color:var(--wp--preset--color--accent-6);border-width:1px;border-radius:10px;padding-top:var(--wp--preset--spacing--50);padding-right:var(--wp--preset--spacing--50);padding-bottom:var(--wp--preset--spacing--50);padding-left:var(--wp--preset--spacing--50)\">\n<h3 class=\"wp-block-heading\" id=\"free\">Gratis<\/h3>\n\n\n\n<p class=\"has-large-font-size\">0\u20ac<\/p>\n\n\n\n<ul style=\"padding-bottom:var(--wp--preset--spacing--20);padding-left:var(--wp--preset--spacing--20)\" class=\"wp-block-list is-style-checkmark-list has-small-font-size\">\n<li>Accede a nuestros art\u00edculos de pago y al bolet\u00edn semanal.<\/li>\n\n\n\n<li>\u00danete a nuestros eventos presenciales.<\/li>\n\n\n\n<li>Consigue una bolsa de asas gratis.<\/li>\n\n\n\n<li>Un complemento elegante de la colecci\u00f3n de decoraciones del hogar.<\/li>\n\n\n\n<li>\u00danete a nuestros foros.<\/li>\n<\/ul>\n\n\n\n<div class=\"wp-block-buttons is-content-justification-center is-layout-flex wp-container-core-buttons-is-layout-1 wp-block-buttons-is-layout-flex\">\n<div class=\"wp-block-button has-custom-width wp-block-button__width-100\"><a class=\"wp-block-button__link wp-element-button\">\u00danete<\/a><\/div>\n<\/div>\n<\/div>\n\n\n\n<div class=\"wp-block-column has-border-color is-layout-flow wp-block-column-is-layout-flow\" style=\"border-color:var(--wp--preset--color--accent-6);border-width:1px;border-radius:10px;padding-top:var(--wp--preset--spacing--50);padding-right:var(--wp--preset--spacing--50);padding-bottom:var(--wp--preset--spacing--50);padding-left:var(--wp--preset--spacing--50)\">\n<h3 class=\"wp-block-heading\" id=\"single\">\u00danico<\/h3>\n\n\n\n<p class=\"has-large-font-size\">20\u20ac\/mes<\/p>\n\n\n\n<ul style=\"padding-bottom:var(--wp--preset--spacing--20);padding-left:var(--wp--preset--spacing--20)\" class=\"wp-block-list is-style-checkmark-list has-small-font-size\">\n<li>Accede a nuestros art\u00edculos de pago y al bolet\u00edn semanal.<\/li>\n\n\n\n<li>\u00danete a nuestros eventos presenciales.<\/li>\n\n\n\n<li>Consigue una bolsa de asas gratis.<\/li>\n\n\n\n<li>Un complemento elegante de la colecci\u00f3n de decoraciones del hogar.<\/li>\n\n\n\n<li>\u00danete a nuestros foros.<\/li>\n<\/ul>\n\n\n\n<div class=\"wp-block-buttons is-content-justification-center is-layout-flex wp-container-core-buttons-is-layout-2 wp-block-buttons-is-layout-flex\">\n<div class=\"wp-block-button has-custom-width wp-block-button__width-100\"><a class=\"wp-block-button__link wp-element-button\">\u00danete<\/a><\/div>\n<\/div>\n<\/div>\n<\/div>\n<\/div>\n\n\n\n<aside class=\"wp-block-group alignfull is-style-section-3 has-global-padding is-layout-constrained wp-container-core-group-is-layout-14 wp-block-group-is-layout-constrained is-style-section-3--7\" style=\"margin-top:0;margin-bottom:0;padding-top:var(--wp--preset--spacing--50);padding-right:var(--wp--preset--spacing--50);padding-bottom:var(--wp--preset--spacing--50);padding-left:var(--wp--preset--spacing--50)\">\n<div class=\"wp-block-group is-vertical is-content-justification-center is-layout-flex wp-container-core-group-is-layout-13 wp-block-group-is-layout-flex\" style=\"min-height:360px;margin-top:0;margin-bottom:0\">\n<h2 class=\"wp-block-heading has-text-align-center has-xx-large-font-size\">Reg\u00edstrate para recibir historias diariamente<\/h2>\n\n\n\n<p class=\"has-text-align-center is-style-text-subtitle is-style-text-subtitle--8\">Accede a una colecci\u00f3n de momentos seleccionados en el tiempo con fotograf\u00edas de relevancia hist\u00f3rica.<\/p>\n\n\n\n<div style=\"height:0px\" aria-hidden=\"true\" class=\"wp-block-spacer wp-container-content-2\"><\/div>\n\n\n\n<div class=\"wp-block-buttons is-content-justification-center is-layout-flex wp-container-core-buttons-is-layout-3 wp-block-buttons-is-layout-flex\">\n<div class=\"wp-block-button\"><a class=\"wp-block-button__link has-text-align-center wp-element-button\">Suscr\u00edbete<\/a><\/div>\n<\/div>\n<\/div>\n<\/aside>","protected":false},"excerpt":{"rendered":"<p>Nuestras inversiones Activos Off Market Invertimos en activos que aun no estan publicados en el mercado d\u00e1ndonos un ventaja, contamos con tratos de exclusividad y grandes rebajas debido a nuestras colaboraciones con bancos y fondos de inversion Esto nos permite tener una red de contactos que con nuestra capacidad para encontrar las oportunidades mas rentables [&hellip;]<\/p>","protected":false},"author":1,"featured_media":0,"parent":211,"menu_order":0,"comment_status":"closed","ping_status":"closed","template":"","meta":{"_uag_custom_page_level_css":"","footnotes":""},"class_list":["post-203","page","type-page","status-publish","hentry"],"aioseo_notices":[],"uagb_featured_image_src":{"full":false,"thumbnail":false,"medium":false,"medium_large":false,"large":false,"1536x1536":false,"2048x2048":false,"trp-custom-language-flag":false},"uagb_author_info":{"display_name":"oltra.david@gmail.com","author_link":"https:\/\/prizewinnerinvest.com\/en\/author\/oltra-davidgmail-com\/"},"uagb_comment_info":0,"uagb_excerpt":"Nuestras inversiones Activos Off Market Invertimos en activos que aun no estan publicados en el mercado d\u00e1ndonos un ventaja, contamos con tratos de exclusividad y grandes rebajas debido a nuestras colaboraciones con bancos y fondos de inversion Esto nos permite tener una red de contactos que con nuestra capacidad para encontrar las oportunidades mas rentables&hellip;","_links":{"self":[{"href":"https:\/\/prizewinnerinvest.com\/en\/wp-json\/wp\/v2\/pages\/203","targetHints":{"allow":["GET"]}}],"collection":[{"href":"https:\/\/prizewinnerinvest.com\/en\/wp-json\/wp\/v2\/pages"}],"about":[{"href":"https:\/\/prizewinnerinvest.com\/en\/wp-json\/wp\/v2\/types\/page"}],"author":[{"embeddable":true,"href":"https:\/\/prizewinnerinvest.com\/en\/wp-json\/wp\/v2\/users\/1"}],"replies":[{"embeddable":true,"href":"https:\/\/prizewinnerinvest.com\/en\/wp-json\/wp\/v2\/comments?post=203"}],"version-history":[{"count":4,"href":"https:\/\/prizewinnerinvest.com\/en\/wp-json\/wp\/v2\/pages\/203\/revisions"}],"predecessor-version":[{"id":515,"href":"https:\/\/prizewinnerinvest.com\/en\/wp-json\/wp\/v2\/pages\/203\/revisions\/515"}],"up":[{"embeddable":true,"href":"https:\/\/prizewinnerinvest.com\/en\/wp-json\/wp\/v2\/pages\/211"}],"wp:attachment":[{"href":"https:\/\/prizewinnerinvest.com\/en\/wp-json\/wp\/v2\/media?parent=203"}],"curies":[{"name":"wp","href":"https:\/\/api.w.org\/{rel}","templated":true}]}}